{"id":3503,"date":"2024-10-22T09:32:23","date_gmt":"2024-10-22T07:32:23","guid":{"rendered":"https:\/\/app-room.ch\/?page_id=3503"},"modified":"2024-10-23T10:36:06","modified_gmt":"2024-10-23T08:36:06","slug":"hardware","status":"publish","type":"page","link":"https:\/\/www.app-room.eu\/fr\/hardware\/","title":{"rendered":"Hardware"},"content":{"rendered":"\n<h2 class=\"wp-block-heading\"><\/h2>\n\n\n\n<h2 class=\"wp-block-heading\">Recommandation de mat\u00e9riel pour l\u2019utilisation d\u2019app-room<\/h2>\n\n\n\n<p>Pour utiliser app-room, tu peux g\u00e9n\u00e9ralement continuer \u00e0 utiliser le mat\u00e9riel que tu poss\u00e8des d\u00e9j\u00e0. Que tu travailles sur un Mac ou un appareil Windows, notre logiciel est multiplateforme et fonctionne sans probl\u00e8me sur les deux syst\u00e8mes.<\/p>\n\n\n\n<p><\/p>\n\n\n\n<p>Peu importe l\u2019option que tu choisis, nous nous assurons que tu sois parfaitement \u00e9quip\u00e9 pour tirer le meilleur parti d\u2019app-room.<\/p>\n\n\n\n<p>Nous te pr\u00e9sentons volontiers nos recommandations afin de garantir une utilisation optimale d\u2019app-room. Cela te permettra de t&rsquo;assurer que ton mat\u00e9riel est parfaitement adapt\u00e9 aux exigences de notre logiciel et exploiter pleinement tout son potentiel.<\/p>\n\n\n\n<p>Si tu as besoin d\u2019aide pour choisir le mat\u00e9riel ad\u00e9quat, nous sommes \u00e0 ta disposition pour te conseiller. Tu peux te procurer le mat\u00e9riel aupr\u00e8s de fournisseurs externes ou le commander directement chez nous.<\/p>\n\n\n\n<div class=\"wp-block-columns is-layout-flex wp-container-core-columns-is-layout-9d6595d7 wp-block-columns-is-layout-flex\"><\/div>\n\n\n\n<div style=\"height:100px\" aria-hidden=\"true\" class=\"wp-block-spacer\"><\/div>\n\n\n\n<div class=\"wp-block-columns is-layout-flex wp-container-core-columns-is-layout-9d6595d7 wp-block-columns-is-layout-flex\">\n<div class=\"wp-block-column is-layout-flow wp-block-column-is-layout-flow\">\n<div class=\"wp-block-columns is-layout-flex wp-container-core-columns-is-layout-9d6595d7 wp-block-columns-is-layout-flex\">\n<div class=\"wp-block-column is-layout-flow wp-block-column-is-layout-flow\" style=\"flex-basis:66.66%\">\n<h2 class=\"wp-block-heading\"><strong><strong>PC pour caisse et poste de travail<\/strong><\/strong><\/h2>\n\n\n\n<p>Un PC tout-en-un t\u2019offre plus d\u2019espace et constitue une solution propre et compacte pour ta zone de caisse. Gr\u00e2ce \u00e0 sa conception int\u00e9gr\u00e9e, il regroupe l\u2019\u00e9cran, l\u2019unit\u00e9 centrale et les p\u00e9riph\u00e9riques en un seul appareil, ce qui rend ton espace de travail plus ordonn\u00e9 et plus clair. De plus, la technologie int\u00e9gr\u00e9e facilite l\u2019acc\u00e8s rapide aux syst\u00e8mes de caisse, aux terminaux de paiement et aux imprimantes, rendant ainsi le processus de paiement plus efficace. Avec son design moderne et son mat\u00e9riel performant, un PC tout-en-un s\u2019int\u00e8gre parfaitement dans n\u2019importe quel environnement professionnel, am\u00e9liorant l\u2019organisation et offrant une esth\u00e9tique soign\u00e9e.<\/p>\n\n\n\n<p>Recommandation : <br><a href=\"https:\/\/www.digitec.ch\/fr\/s1\/product\/lenovo-thinkcentre-m90a-pro-gen-4-intel-core-i7-13700-16-go-512-go-ssd-pc-40925877?ip=ThinkCentre+M90a\" target=\"_blank\" rel=\"noreferrer noopener\">ThinkCentre M90a Pro Gen 4 (27&Prime; Intel)<\/a><\/p>\n\n\n\n<div style=\"height:100px\" aria-hidden=\"true\" class=\"wp-block-spacer\"><\/div>\n<\/div>\n\n\n\n<div class=\"wp-block-column is-layout-flow wp-block-column-is-layout-flow\" style=\"flex-basis:33.33%\">\n<figure class=\"wp-block-image size-full\"><img loading=\"lazy\" decoding=\"async\" width=\"725\" height=\"515\" src=\"https:\/\/app-room.ch\/wp-content\/uploads\/2024\/10\/lenovo.avif\" alt=\"\" class=\"wp-image-3368\"\/><\/figure>\n<\/div>\n<\/div>\n\n\n\n<div class=\"wp-block-columns is-layout-flex wp-container-core-columns-is-layout-9d6595d7 wp-block-columns-is-layout-flex\">\n<div class=\"wp-block-column is-layout-flow wp-block-column-is-layout-flow\" style=\"flex-basis:33.33%\">\n<figure class=\"wp-block-image size-full\"><img loading=\"lazy\" decoding=\"async\" width=\"600\" height=\"574\" src=\"https:\/\/app-room.ch\/wp-content\/uploads\/2024\/10\/100369_147623cb0f17396ffea94aa1b1fcf7ab-1.jpg\" alt=\"\" class=\"wp-image-3326\" srcset=\"https:\/\/www.app-room.eu\/wp-content\/uploads\/2024\/10\/100369_147623cb0f17396ffea94aa1b1fcf7ab-1.jpg 600w, https:\/\/www.app-room.eu\/wp-content\/uploads\/2024\/10\/100369_147623cb0f17396ffea94aa1b1fcf7ab-1-300x287.jpg 300w, https:\/\/www.app-room.eu\/wp-content\/uploads\/2024\/10\/100369_147623cb0f17396ffea94aa1b1fcf7ab-1-150x144.jpg 150w\" sizes=\"auto, (max-width: 600px) 100vw, 600px\" \/><\/figure>\n<\/div>\n\n\n\n<div class=\"wp-block-column is-layout-flow wp-block-column-is-layout-flow\" style=\"flex-basis:66.66%\">\n<h2 class=\"wp-block-heading\">Scanner de codes-barres<\/h2>\n\n\n\n<p>Pour une gestion fluide et efficace des op\u00e9rations, l&rsquo;utilisation d&rsquo;un scanner de codes-barres est recommand\u00e9e \u00e0 la caisse, dans le stock et \u00e0 l&rsquo;atelier. En fonction du lieu d&rsquo;utilisation, il est important de choisir le mod\u00e8le ad\u00e9quat : \u00e0 la caisse, un scanner filaire garantit une connexion stable pour des scans en continu, tandis qu&rsquo;en atelier ou dans le stock, un scanner sans fil offre plus de flexibilit\u00e9 et de libert\u00e9 de mouvement. Cela permet d\u2019adapter au mieux les processus de travail aux exigences sp\u00e9cifiques et d\u2019am\u00e9liorer significativement le flux de travail.<\/p>\n\n\n\n<p>Recommandation :<br><a href=\"https:\/\/www.digitec.ch\/fr\/s1\/product\/datalogic-quickscan-qbt2500-bluetooth-codes-a-barres-2d-lecteur-de-codes-barres-23483940\" target=\"_blank\" rel=\"noreferrer noopener\">Datalogic\u00a0QuickScan QBT2500<\/a><br><a href=\"https:\/\/www.digitec.ch\/fr\/s1\/product\/datalogic-qd2430-codes-a-barres-1d-code-qr-lecteur-de-codes-barres-3484368\" target=\"_blank\" rel=\"noreferrer noopener\"><strong>Datalogic<\/strong>\u00a0QD2430<\/a><\/p>\n<\/div>\n<\/div>\n<\/div>\n<\/div>\n\n\n\n<div style=\"height:100px\" aria-hidden=\"true\" class=\"wp-block-spacer\"><\/div>\n\n\n\n<div class=\"wp-block-columns is-layout-flex wp-container-core-columns-is-layout-9d6595d7 wp-block-columns-is-layout-flex\">\n<div class=\"wp-block-column is-layout-flow wp-block-column-is-layout-flow\" style=\"flex-basis:66.66%\">\n<h2 class=\"wp-block-heading\">SmartBox<\/h2>\n\n\n\n<p>Notre SmartBox connecte tes appareils \u00e0 des imprimantes et \u00e0 des terminaux de paiement par carte. Une fois configur\u00e9e, tu peux imprimer directement depuis tous tes appareils sans effort suppl\u00e9mentaire. La SmartBox assure une communication fluide entre tes syst\u00e8mes et rend ton quotidien professionnel plus efficace.<br>Tu peux obtenir la SmartBox directement aupr\u00e8s d\u2019app-room.<\/p>\n<\/div>\n\n\n\n<div class=\"wp-block-column is-layout-flow wp-block-column-is-layout-flow\" style=\"flex-basis:33.33%\">\n<figure class=\"wp-block-image size-full\"><img loading=\"lazy\" decoding=\"async\" width=\"300\" height=\"168\" src=\"https:\/\/app-room.ch\/wp-content\/uploads\/2024\/04\/100107_274c98d821707576879e42a6a9aabcff.jpg\" alt=\"\" class=\"wp-image-3049\" srcset=\"https:\/\/www.app-room.eu\/wp-content\/uploads\/2024\/04\/100107_274c98d821707576879e42a6a9aabcff.jpg 300w, https:\/\/www.app-room.eu\/wp-content\/uploads\/2024\/04\/100107_274c98d821707576879e42a6a9aabcff-150x84.jpg 150w\" sizes=\"auto, (max-width: 300px) 100vw, 300px\" \/><\/figure>\n<\/div>\n<\/div>\n\n\n\n<div style=\"height:100px\" aria-hidden=\"true\" class=\"wp-block-spacer\"><\/div>\n\n\n\n<div class=\"wp-block-columns is-layout-flex wp-container-core-columns-is-layout-9d6595d7 wp-block-columns-is-layout-flex\">\n<div class=\"wp-block-column is-layout-flow wp-block-column-is-layout-flow\" style=\"flex-basis:33.33%\">\n<figure class=\"wp-block-image size-full\"><img loading=\"lazy\" decoding=\"async\" width=\"1024\" height=\"762\" src=\"https:\/\/app-room.ch\/wp-content\/uploads\/2023\/05\/100323_1f9f2ba07db9300ba2c2ca11f717de1a-1.jpg\" alt=\"\" class=\"wp-image-2694\" srcset=\"https:\/\/www.app-room.eu\/wp-content\/uploads\/2023\/05\/100323_1f9f2ba07db9300ba2c2ca11f717de1a-1.jpg 1024w, https:\/\/www.app-room.eu\/wp-content\/uploads\/2023\/05\/100323_1f9f2ba07db9300ba2c2ca11f717de1a-1-300x223.jpg 300w, https:\/\/www.app-room.eu\/wp-content\/uploads\/2023\/05\/100323_1f9f2ba07db9300ba2c2ca11f717de1a-1-768x572.jpg 768w, https:\/\/www.app-room.eu\/wp-content\/uploads\/2023\/05\/100323_1f9f2ba07db9300ba2c2ca11f717de1a-1-600x446.jpg 600w, https:\/\/www.app-room.eu\/wp-content\/uploads\/2023\/05\/100323_1f9f2ba07db9300ba2c2ca11f717de1a-1-150x112.jpg 150w\" sizes=\"auto, (max-width: 1024px) 100vw, 1024px\" \/><\/figure>\n<\/div>\n\n\n\n<div class=\"wp-block-column is-layout-flow wp-block-column-is-layout-flow\" style=\"flex-basis:66.66%\">\n<h2 class=\"wp-block-heading\">Imprimante \u00e0 tickets<\/h2>\n\n\n\n<p>Le type d&rsquo;impression le plus \u00e9conomique est l&rsquo;impression \u00e0 tickets. Elle est principalement utilis\u00e9e pour les re\u00e7us de caisse et les bons de commande, offrant une solution rapide et efficace pour imprimer des informations importantes de mani\u00e8re simple. Gr\u00e2ce \u00e0 l&rsquo;utilisation de papier thermique, il n&rsquo;y a pas de co\u00fbts suppl\u00e9mentaires pour l&rsquo;encre ou le toner, ce qui rend l&rsquo;impression \u00e0 tickets particuli\u00e8rement avantageuse dans le cadre des op\u00e9rations quotidiennes.<\/p>\n\n\n\n<p>Recommandation : <br><a href=\"https:\/\/www.digitec.ch\/fr\/s1\/product\/epson-tm-t20iii-ethernet-imprimante-de-caisse-12343562\" target=\"_blank\" rel=\"noreferrer noopener\">Epson TM-T20III<\/a><\/p>\n<\/div>\n<\/div>\n\n\n\n<div style=\"height:100px\" aria-hidden=\"true\" class=\"wp-block-spacer\"><\/div>\n\n\n\n<div class=\"wp-block-columns is-layout-flex wp-container-core-columns-is-layout-9d6595d7 wp-block-columns-is-layout-flex\">\n<div class=\"wp-block-column is-layout-flow wp-block-column-is-layout-flow\" style=\"flex-basis:66.66%\">\n<h2 class=\"wp-block-heading\">Imprimante A4<\/h2>\n\n\n\n<p>Les documents tels que les factures, les devis, les commandes, les bons et les \u00e9tiquettes de prix peuvent \u00eatre imprim\u00e9s \u00e0 tout moment au format A4. Pour une pr\u00e9sentation professionnelle et attrayante, l&rsquo;utilisation d&rsquo;une imprimante couleur est recommand\u00e9e, car elle permet de mettre en valeur des informations importantes et des logos de marque. Ainsi, tes documents laissent une impression positive et garantissent une communication claire avec tes clients.<\/p>\n<\/div>\n\n\n\n<div class=\"wp-block-column is-layout-flow wp-block-column-is-layout-flow\" style=\"flex-basis:33.33%\">\n<figure class=\"wp-block-image size-full\"><img loading=\"lazy\" decoding=\"async\" width=\"720\" height=\"521\" src=\"https:\/\/app-room.ch\/wp-content\/uploads\/2024\/10\/0b625040-0ab2-45a5-8653-9781cfc81249-cropped.avif\" alt=\"\" class=\"wp-image-3384\"\/><\/figure>\n<\/div>\n<\/div>\n\n\n\n<div style=\"height:100px\" aria-hidden=\"true\" class=\"wp-block-spacer\"><\/div>\n\n\n\n<div class=\"wp-block-columns is-layout-flex wp-container-core-columns-is-layout-9d6595d7 wp-block-columns-is-layout-flex\">\n<div class=\"wp-block-column is-layout-flow wp-block-column-is-layout-flow\" style=\"flex-basis:33.33%\">\n<figure class=\"wp-block-image size-full\"><img loading=\"lazy\" decoding=\"async\" width=\"909\" height=\"671\" src=\"https:\/\/app-room.ch\/wp-content\/uploads\/2023\/11\/35621_Brotherdruckerright.jpg\" alt=\"\" class=\"wp-image-2899\" srcset=\"https:\/\/www.app-room.eu\/wp-content\/uploads\/2023\/11\/35621_Brotherdruckerright.jpg 909w, https:\/\/www.app-room.eu\/wp-content\/uploads\/2023\/11\/35621_Brotherdruckerright-300x221.jpg 300w, https:\/\/www.app-room.eu\/wp-content\/uploads\/2023\/11\/35621_Brotherdruckerright-768x567.jpg 768w, https:\/\/www.app-room.eu\/wp-content\/uploads\/2023\/11\/35621_Brotherdruckerright-600x443.jpg 600w, https:\/\/www.app-room.eu\/wp-content\/uploads\/2023\/11\/35621_Brotherdruckerright-150x111.jpg 150w\" sizes=\"auto, (max-width: 909px) 100vw, 909px\" \/><\/figure>\n<\/div>\n\n\n\n<div class=\"wp-block-column is-layout-flow wp-block-column-is-layout-flow\" style=\"flex-basis:66.66%\">\n<h2 class=\"wp-block-heading\">Imprimante d&rsquo;\u00e9tiquettes<\/h2>\n\n\n\n<p>Avec app-room, tu peux imprimer \u00e0 tout moment les \u00e9tiquettes appropri\u00e9es pour l&rsquo;\u00e9tiquetage des prix \u2013 toujours en quantit\u00e9 ad\u00e9quate. Cela te fait gagner du temps et des efforts, tout en garantissant que tes produits sont toujours correctement \u00e9tiquet\u00e9s.<\/p>\n\n\n\n<p>Recommandation :<br><a href=\"https:\/\/www.digitec.ch\/fr\/s1\/product\/brother-ql-820nwbc-300-dpi-etiqueteuse-6145131\" target=\"_blank\" rel=\"noreferrer noopener\"><strong>Brother<\/strong>\u00a0QL-820NWBc<\/a><\/p>\n<\/div>\n<\/div>\n\n\n\n<div style=\"height:100px\" aria-hidden=\"true\" class=\"wp-block-spacer\"><\/div>\n\n\n\n<div class=\"wp-block-columns is-layout-flex wp-container-core-columns-is-layout-9d6595d7 wp-block-columns-is-layout-flex\">\n<div class=\"wp-block-column is-layout-flow wp-block-column-is-layout-flow\" style=\"flex-basis:66.66%\">\n<h2 class=\"wp-block-heading\">Tiroir-caisse<\/h2>\n\n\n\n<p>Pour assurer un stockage s\u00fbr de l&rsquo;argent liquide, nous te conseillons d&rsquo;utiliser un tiroir-caisse reli\u00e9 \u00e0 l&rsquo;imprimante \u00e0 re\u00e7us. Gr\u00e2ce \u00e0 cette connexion, le tiroir s&rsquo;ouvre automatiquement (selon les param\u00e8tres) lors de l&rsquo;impression du re\u00e7u, ce qui facilite le processus et renforce la s\u00e9curit\u00e9 de tes revenus.<\/p>\n\n\n\n<p>Recommandation :<br><a href=\"https:\/\/www.digitec.ch\/fr\/s1\/product\/epson-pck-41-ii-caisse-enregistreuse-5823527\" target=\"_blank\" rel=\"noreferrer noopener\">Epson PCK-41 II<\/a><\/p>\n<\/div>\n\n\n\n<div class=\"wp-block-column is-layout-flow wp-block-column-is-layout-flow\" style=\"flex-basis:33.33%\">\n<figure class=\"wp-block-image size-full\"><img loading=\"lazy\" decoding=\"async\" width=\"999\" height=\"497\" src=\"https:\/\/app-room.ch\/wp-content\/uploads\/2021\/12\/35618_Kassenschubladeright.jpg\" alt=\"\" class=\"wp-image-1057\" srcset=\"https:\/\/www.app-room.eu\/wp-content\/uploads\/2021\/12\/35618_Kassenschubladeright.jpg 999w, https:\/\/www.app-room.eu\/wp-content\/uploads\/2021\/12\/35618_Kassenschubladeright-150x75.jpg 150w, https:\/\/www.app-room.eu\/wp-content\/uploads\/2021\/12\/35618_Kassenschubladeright-600x298.jpg 600w, https:\/\/www.app-room.eu\/wp-content\/uploads\/2021\/12\/35618_Kassenschubladeright-300x149.jpg 300w, https:\/\/www.app-room.eu\/wp-content\/uploads\/2021\/12\/35618_Kassenschubladeright-768x382.jpg 768w\" sizes=\"auto, (max-width: 999px) 100vw, 999px\" \/><\/figure>\n<\/div>\n<\/div>\n\n\n\n<div style=\"height:100px\" aria-hidden=\"true\" class=\"wp-block-spacer\"><\/div>\n\n\n\n<div class=\"wp-block-columns is-layout-flex wp-container-core-columns-is-layout-9d6595d7 wp-block-columns-is-layout-flex\">\n<div class=\"wp-block-column is-layout-flow wp-block-column-is-layout-flow\" style=\"flex-basis:33.33%\">\n<figure class=\"wp-block-image size-full\"><img loading=\"lazy\" decoding=\"async\" width=\"248\" height=\"248\" src=\"https:\/\/app-room.ch\/wp-content\/uploads\/2024\/10\/desktop-png.png\" alt=\"\" class=\"wp-image-3393\" srcset=\"https:\/\/www.app-room.eu\/wp-content\/uploads\/2024\/10\/desktop-png.png 248w, https:\/\/www.app-room.eu\/wp-content\/uploads\/2024\/10\/desktop-png-150x150.png 150w\" sizes=\"auto, (max-width: 248px) 100vw, 248px\" \/><\/figure>\n<\/div>\n\n\n\n<div class=\"wp-block-column is-layout-flow wp-block-column-is-layout-flow\" style=\"flex-basis:66.66%\">\n<h2 class=\"wp-block-heading\">Terminal de paiement par carte<\/h2>\n\n\n\n<p>Connecte le terminal de paiement \u00e0 app-room et permets \u00e0 tes clients de payer facilement et en toute s\u00e9curit\u00e9 avec des cartes de d\u00e9bit et de cr\u00e9dit. Nous te recommandons d&rsquo;utiliser un appareil int\u00e9gr\u00e9 \u00e0 la caisse pour optimiser le processus de paiement et am\u00e9liorer le confort de tes clients.<\/p>\n\n\n\n<ul class=\"wp-block-list\">\n<li><strong><a href=\"https:\/\/worldline.com\/de-ch\/home\/main-navigation\/solutions\/merchants\/solutions-and-services\/terminals\/integrated-payment-terminals\/lane-5000-pinpad\" target=\"_blank\" rel=\"noreferrer noopener\">Ingenico Lane\/5000 Pinp<\/a><a href=\"https:\/\/worldline.com\/fr-ch\/home\/main-navigation\/solutions\/merchants\/solutions-and-services\/terminals\/integrated-payment-terminals\/lane-5000-pinpad\" target=\"_blank\" rel=\"noreferrer noopener\">ad<\/a><\/strong><\/li>\n\n\n\n<li><strong><a href=\"https:\/\/worldline.com\/fr-ch\/home\/main-navigation\/solutions\/merchants\/solutions-and-services\/terminals\/integrated-payment-terminals\/link-2500-portable-pinpad\" target=\"_blank\" rel=\"noreferrer noopener\">Link\/2500 Portable Pinpad<\/a><\/strong><\/li>\n<\/ul>\n\n\n\n<p>Pour un terminal de paiement actif, tu as besoin d&rsquo;un pack de services pour garantir son fonctionnement et son entretien.<\/p>\n\n\n\n<p>Pour des conseils, contacte directement <a href=\"https:\/\/worldline.com\/fr-ch\/home\">Worldline<\/a> ou un autre fournisseur de ton choix.<\/p>\n<\/div>\n<\/div>\n\n\n\n<div style=\"height:100px\" aria-hidden=\"true\" class=\"wp-block-spacer\"><\/div>\n\n\n\n<div class=\"wp-block-columns is-layout-flex wp-container-core-columns-is-layout-9d6595d7 wp-block-columns-is-layout-flex\">\n<div class=\"wp-block-column is-layout-flow wp-block-column-is-layout-flow\" style=\"flex-basis:66.66%\"><\/div>\n\n\n\n<div class=\"wp-block-column is-layout-flow wp-block-column-is-layout-flow\" style=\"flex-basis:33.33%\"><\/div>\n<\/div>\n","protected":false},"excerpt":{"rendered":"<p>Recommandation de mat\u00e9riel pour l\u2019utilisation d\u2019app-room Pour utiliser app-room, tu peux g\u00e9n\u00e9ralement continuer \u00e0 utiliser [&hellip;]<\/p>\n","protected":false},"author":2,"featured_media":0,"parent":0,"menu_order":3,"comment_status":"closed","ping_status":"closed","template":"","meta":{"_acf_changed":false,"inline_featured_image":false,"footnotes":""},"class_list":["post-3503","page","type-page","status-publish","hentry"],"acf":[],"yoast_head":"<!-- This site is optimized with the Yoast SEO plugin v27.2 - https:\/\/yoast.com\/product\/yoast-seo-wordpress\/ -->\n<title>Hardware - app-room GmbH<\/title>\n<meta name=\"robots\" content=\"index, follow, max-snippet:-1, max-image-preview:large, max-video-preview:-1\" \/>\n<link rel=\"canonical\" href=\"https:\/\/app-room.ch\/fr\/hardware\/\" \/>\n<meta property=\"og:locale\" content=\"fr_FR\" \/>\n<meta property=\"og:type\" content=\"article\" \/>\n<meta property=\"og:title\" content=\"Hardware - app-room GmbH\" \/>\n<meta property=\"og:description\" content=\"Recommandation de mat\u00e9riel pour l\u2019utilisation d\u2019app-room Pour utiliser app-room, tu peux g\u00e9n\u00e9ralement continuer \u00e0 utiliser [&hellip;]\" \/>\n<meta property=\"og:url\" content=\"https:\/\/app-room.ch\/fr\/hardware\/\" \/>\n<meta property=\"og:site_name\" content=\"app-room GmbH\" \/>\n<meta property=\"article:publisher\" content=\"https:\/\/www.facebook.com\/approomgmbh\/\" \/>\n<meta property=\"article:modified_time\" content=\"2024-10-23T08:36:06+00:00\" \/>\n<meta property=\"og:image\" content=\"https:\/\/app-room.ch\/wp-content\/uploads\/2024\/10\/lenovo.avif\" \/>\n<meta name=\"twitter:card\" content=\"summary_large_image\" \/>\n<meta name=\"twitter:label1\" content=\"Dur\u00e9e de lecture estim\u00e9e\" \/>\n\t<meta name=\"twitter:data1\" content=\"4 minutes\" \/>\n<script type=\"application\/ld+json\" class=\"yoast-schema-graph\">{\"@context\":\"https:\/\/schema.org\",\"@graph\":[{\"@type\":\"WebPage\",\"@id\":\"https:\/\/app-room.ch\/fr\/hardware\/\",\"url\":\"https:\/\/app-room.ch\/fr\/hardware\/\",\"name\":\"Hardware - app-room GmbH\",\"isPartOf\":{\"@id\":\"https:\/\/app-room.ch\/#website\"},\"primaryImageOfPage\":{\"@id\":\"https:\/\/app-room.ch\/fr\/hardware\/#primaryimage\"},\"image\":{\"@id\":\"https:\/\/app-room.ch\/fr\/hardware\/#primaryimage\"},\"thumbnailUrl\":\"https:\/\/app-room.ch\/wp-content\/uploads\/2024\/10\/lenovo.avif\",\"datePublished\":\"2024-10-22T07:32:23+00:00\",\"dateModified\":\"2024-10-23T08:36:06+00:00\",\"breadcrumb\":{\"@id\":\"https:\/\/app-room.ch\/fr\/hardware\/#breadcrumb\"},\"inLanguage\":\"fr-FR\",\"potentialAction\":[{\"@type\":\"ReadAction\",\"target\":[\"https:\/\/app-room.ch\/fr\/hardware\/\"]}]},{\"@type\":\"ImageObject\",\"inLanguage\":\"fr-FR\",\"@id\":\"https:\/\/app-room.ch\/fr\/hardware\/#primaryimage\",\"url\":\"https:\/\/app-room.ch\/wp-content\/uploads\/2024\/10\/lenovo.avif\",\"contentUrl\":\"https:\/\/app-room.ch\/wp-content\/uploads\/2024\/10\/lenovo.avif\"},{\"@type\":\"BreadcrumbList\",\"@id\":\"https:\/\/app-room.ch\/fr\/hardware\/#breadcrumb\",\"itemListElement\":[{\"@type\":\"ListItem\",\"position\":1,\"name\":\"Startseite\",\"item\":\"https:\/\/app-room.fr\/fr\/\"},{\"@type\":\"ListItem\",\"position\":2,\"name\":\"Hardware\"}]},{\"@type\":\"WebSite\",\"@id\":\"https:\/\/app-room.ch\/#website\",\"url\":\"https:\/\/app-room.ch\/\",\"name\":\"app-room GmbH\",\"description\":\"CYCLE, das online Warenwirtschaftssystem \/ ERP f\u00fcr den Fahrradhandel\",\"publisher\":{\"@id\":\"https:\/\/app-room.ch\/#organization\"},\"potentialAction\":[{\"@type\":\"SearchAction\",\"target\":{\"@type\":\"EntryPoint\",\"urlTemplate\":\"https:\/\/app-room.ch\/?s={search_term_string}\"},\"query-input\":{\"@type\":\"PropertyValueSpecification\",\"valueRequired\":true,\"valueName\":\"search_term_string\"}}],\"inLanguage\":\"fr-FR\"},{\"@type\":\"Organization\",\"@id\":\"https:\/\/app-room.ch\/#organization\",\"name\":\"app-room GmbH\",\"url\":\"https:\/\/app-room.ch\/\",\"logo\":{\"@type\":\"ImageObject\",\"inLanguage\":\"fr-FR\",\"@id\":\"https:\/\/app-room.ch\/#\/schema\/logo\/image\/\",\"url\":\"https:\/\/app-room.ch\/wp-content\/uploads\/2024\/10\/favicon.png\",\"contentUrl\":\"https:\/\/app-room.ch\/wp-content\/uploads\/2024\/10\/favicon.png\",\"width\":128,\"height\":128,\"caption\":\"app-room GmbH\"},\"image\":{\"@id\":\"https:\/\/app-room.ch\/#\/schema\/logo\/image\/\"},\"sameAs\":[\"https:\/\/www.facebook.com\/approomgmbh\/\",\"https:\/\/ch.linkedin.com\/company\/app-room-gmbh\"]}]}<\/script>\n<!-- \/ Yoast SEO plugin. -->","yoast_head_json":{"title":"Hardware - app-room GmbH","robots":{"index":"index","follow":"follow","max-snippet":"max-snippet:-1","max-image-preview":"max-image-preview:large","max-video-preview":"max-video-preview:-1"},"canonical":"https:\/\/app-room.ch\/fr\/hardware\/","og_locale":"fr_FR","og_type":"article","og_title":"Hardware - app-room GmbH","og_description":"Recommandation de mat\u00e9riel pour l\u2019utilisation d\u2019app-room Pour utiliser app-room, tu peux g\u00e9n\u00e9ralement continuer \u00e0 utiliser [&hellip;]","og_url":"https:\/\/app-room.ch\/fr\/hardware\/","og_site_name":"app-room GmbH","article_publisher":"https:\/\/www.facebook.com\/approomgmbh\/","article_modified_time":"2024-10-23T08:36:06+00:00","og_image":[{"url":"https:\/\/app-room.ch\/wp-content\/uploads\/2024\/10\/lenovo.avif","type":"","width":"","height":""}],"twitter_card":"summary_large_image","twitter_misc":{"Dur\u00e9e de lecture estim\u00e9e":"4 minutes"},"schema":{"@context":"https:\/\/schema.org","@graph":[{"@type":"WebPage","@id":"https:\/\/app-room.ch\/fr\/hardware\/","url":"https:\/\/app-room.ch\/fr\/hardware\/","name":"Hardware - app-room GmbH","isPartOf":{"@id":"https:\/\/app-room.ch\/#website"},"primaryImageOfPage":{"@id":"https:\/\/app-room.ch\/fr\/hardware\/#primaryimage"},"image":{"@id":"https:\/\/app-room.ch\/fr\/hardware\/#primaryimage"},"thumbnailUrl":"https:\/\/app-room.ch\/wp-content\/uploads\/2024\/10\/lenovo.avif","datePublished":"2024-10-22T07:32:23+00:00","dateModified":"2024-10-23T08:36:06+00:00","breadcrumb":{"@id":"https:\/\/app-room.ch\/fr\/hardware\/#breadcrumb"},"inLanguage":"fr-FR","potentialAction":[{"@type":"ReadAction","target":["https:\/\/app-room.ch\/fr\/hardware\/"]}]},{"@type":"ImageObject","inLanguage":"fr-FR","@id":"https:\/\/app-room.ch\/fr\/hardware\/#primaryimage","url":"https:\/\/app-room.ch\/wp-content\/uploads\/2024\/10\/lenovo.avif","contentUrl":"https:\/\/app-room.ch\/wp-content\/uploads\/2024\/10\/lenovo.avif"},{"@type":"BreadcrumbList","@id":"https:\/\/app-room.ch\/fr\/hardware\/#breadcrumb","itemListElement":[{"@type":"ListItem","position":1,"name":"Startseite","item":"https:\/\/app-room.fr\/fr\/"},{"@type":"ListItem","position":2,"name":"Hardware"}]},{"@type":"WebSite","@id":"https:\/\/app-room.ch\/#website","url":"https:\/\/app-room.ch\/","name":"app-room GmbH","description":"CYCLE, das online Warenwirtschaftssystem \/ ERP f\u00fcr den Fahrradhandel","publisher":{"@id":"https:\/\/app-room.ch\/#organization"},"potentialAction":[{"@type":"SearchAction","target":{"@type":"EntryPoint","urlTemplate":"https:\/\/app-room.ch\/?s={search_term_string}"},"query-input":{"@type":"PropertyValueSpecification","valueRequired":true,"valueName":"search_term_string"}}],"inLanguage":"fr-FR"},{"@type":"Organization","@id":"https:\/\/app-room.ch\/#organization","name":"app-room GmbH","url":"https:\/\/app-room.ch\/","logo":{"@type":"ImageObject","inLanguage":"fr-FR","@id":"https:\/\/app-room.ch\/#\/schema\/logo\/image\/","url":"https:\/\/app-room.ch\/wp-content\/uploads\/2024\/10\/favicon.png","contentUrl":"https:\/\/app-room.ch\/wp-content\/uploads\/2024\/10\/favicon.png","width":128,"height":128,"caption":"app-room GmbH"},"image":{"@id":"https:\/\/app-room.ch\/#\/schema\/logo\/image\/"},"sameAs":["https:\/\/www.facebook.com\/approomgmbh\/","https:\/\/ch.linkedin.com\/company\/app-room-gmbh"]}]}},"_links":{"self":[{"href":"https:\/\/www.app-room.eu\/fr\/wp-json\/wp\/v2\/pages\/3503","targetHints":{"allow":["GET"]}}],"collection":[{"href":"https:\/\/www.app-room.eu\/fr\/wp-json\/wp\/v2\/pages"}],"about":[{"href":"https:\/\/www.app-room.eu\/fr\/wp-json\/wp\/v2\/types\/page"}],"author":[{"embeddable":true,"href":"https:\/\/www.app-room.eu\/fr\/wp-json\/wp\/v2\/users\/2"}],"replies":[{"embeddable":true,"href":"https:\/\/www.app-room.eu\/fr\/wp-json\/wp\/v2\/comments?post=3503"}],"version-history":[{"count":4,"href":"https:\/\/www.app-room.eu\/fr\/wp-json\/wp\/v2\/pages\/3503\/revisions"}],"predecessor-version":[{"id":3510,"href":"https:\/\/www.app-room.eu\/fr\/wp-json\/wp\/v2\/pages\/3503\/revisions\/3510"}],"wp:attachment":[{"href":"https:\/\/www.app-room.eu\/fr\/wp-json\/wp\/v2\/media?parent=3503"}],"curies":[{"name":"wp","href":"https:\/\/api.w.org\/{rel}","templated":true}]}}