{"id":1719,"date":"2020-10-21T12:56:45","date_gmt":"2020-10-21T10:56:45","guid":{"rendered":"https:\/\/app-room.ch\/kontakt\/"},"modified":"2024-10-22T11:26:17","modified_gmt":"2024-10-22T09:26:17","slug":"contactez-nous","status":"publish","type":"page","link":"https:\/\/www.app-room.eu\/fr\/contactez-nous\/","title":{"rendered":"Nous contacter"},"content":{"rendered":"\n<p>Si tu as des questions ou des suggestions, n&rsquo;h\u00e9site pas \u00e0 nous contacter par e-mail ou par t\u00e9l\u00e9phone pendant nos heures de bureau. Nous sommes toujours ouverts aux commentaires et r\u00e9pondons volontiers \u00e0 toutes tes questions.<\/p>\n\n\n\n<p>Nous nous r\u00e9jouissons d&rsquo;avoir de tes nouvelles !<\/p>\n\n\n\n<p><strong>Ton \u00e9quipe app-room<\/strong><\/p>\n\n\n\n<div style=\"height:100px\" aria-hidden=\"true\" class=\"wp-block-spacer\"><\/div>\n\n\n\n<div class=\"wp-block-columns is-layout-flex wp-container-core-columns-is-layout-9d6595d7 wp-block-columns-is-layout-flex\">\n<div class=\"wp-block-column is-layout-flow wp-block-column-is-layout-flow\">\n<h4 class=\"wp-block-heading mb-2\"><strong><strong>Nos coordonn\u00e9es<\/strong><\/strong><\/h4>\n\n\n\n<p><strong>app-room GmbH<\/strong><br>T\u00e4fernstrasse 7a<br>5405 D\u00e4ttwil AG<br>4\u00e8me \u00e9tage<\/p>\n\n\n\n<p>T: +41 32 510 21 43<br>E:&nbsp;<a href=\"mailto:kontakt@app-room.ch\" target=\"_blank\" rel=\"noreferrer noopener\">kontakt@app-room.ch<\/a><\/p>\n<\/div>\n\n\n\n<div class=\"wp-block-column is-layout-flow wp-block-column-is-layout-flow\">\n<h4 class=\"wp-block-heading mb-2\"><strong><strong><strong>Nos heures de bureau<\/strong><\/strong><\/strong><\/h4>\n\n\n\n<p><strong>Lundi au vendredi<\/strong><br><strong>08:00 \u00e0 12:00 heures et 13:00 \u00e0 17:00 heures<\/strong><\/p>\n\n\n\n<p><strong>Nous sommes volontiers joignables par t\u00e9l\u00e9phone de 10:00 \u00e0 12:00h et de 13:00 \u00e0 17:00h.<\/strong><\/p>\n\n\n\n<p>Tu as bien s\u00fbr aussi la possibilit\u00e9 de laisser ton message sur le r\u00e9pondeur ou de nous transmettre ta demande \u00e0 l&rsquo;adresse e-mail kontakt@app-room.ch.<\/p>\n<\/div>\n<\/div>\n\n\n\n<div style=\"height:100px\" aria-hidden=\"true\" class=\"wp-block-spacer\"><\/div>\n\n\n\n<h4 class=\"wp-block-heading mb-2\"><strong>Plan d&rsquo;acc\u00e8s<\/strong><\/h4>\n\n\n\n<p><strong><strong>Transports publics<\/strong><\/strong><br>Tu peux nous rejoindre soit par les transports publics en prenant le bus jusqu&rsquo;\u00e0 l&rsquo;arr\u00eat <strong><a href=\"https:\/\/www.google.fr\/maps\/place\/D%C3%A4ttwil+AG,+T%C3%A4fere\/@47.4509907,8.2880535,16z\/data=!4m13!1m7!3m6!1s0x479013468350bfcf:0xe77d3e89c2546780!2sT%C3%A4fere,+5405+Baden!3b1!8m2!3d47.4509913!4d8.2924416!3m4!1s0x47901344003416c5:0x17839758935b9cc5!8m2!3d47.4493369!4d8.2913491\" target=\"_blank\" rel=\"noreferrer noopener\">\u00abD\u00e4ttwil AG, T\u00e4fere\u00bb<\/a><\/strong> et en marchant encore environ 500 m\u00e8tres jusqu&rsquo;\u00e0 nos bureaux.<\/p>\n\n\n\n<p><strong><strong>Voiture<\/strong><\/strong><br>Tu peux aussi venir confortablement en voiture, aller jusqu&rsquo;\u00e0 la T\u00e4fernstrasse et te garer sur le parking du centre <a href=\"https:\/\/www.google.fr\/maps\/place\/Esp+Stadium\/@47.4456131,8.2960842,18z\/data=!4m13!1m7!3m6!1s0x479013468350bfcf:0xe77d3e89c2546780!2sT%C3%A4fere,+5405+Baden!3b1!8m2!3d47.4509913!4d8.2924416!3m4!1s0x479013407834f11d:0xe4b944ca3f2dfa68!8m2!3d47.4459559!4d8.2958183\" target=\"_blank\" rel=\"noreferrer noopener\"><strong>sportif ESP<\/strong><\/a> (parcm\u00e8tre \/ payant). De l\u00e0, il ne reste plus que quelques m\u00e8tres jusqu&rsquo;\u00e0 nos bureaux.<\/p>\n\n\n\n<p>Il n&rsquo;y a pas de places de parc disponibles devant le b\u00e2timent de nos bureaux.<\/p>\n","protected":false},"excerpt":{"rendered":"<p>Si tu as des questions ou des suggestions, n&rsquo;h\u00e9site pas \u00e0 nous contacter par e-mail [&hellip;]<\/p>\n","protected":false},"author":2,"featured_media":4101,"parent":0,"menu_order":27,"comment_status":"closed","ping_status":"closed","template":"","meta":{"_acf_changed":false,"inline_featured_image":false,"footnotes":""},"class_list":["post-1719","page","type-page","status-publish","has-post-thumbnail","hentry"],"acf":[],"yoast_head":"<!-- This site is optimized with the Yoast SEO plugin v27.2 - https:\/\/yoast.com\/product\/yoast-seo-wordpress\/ -->\n<title>Nous contacter - app-room GmbH CYCLE, Website, Webshop, ICT<\/title>\n<meta name=\"description\" content=\"Beratung zu der Software CYCLE by app-room gew\u00fcnscht? Wir sind in Baden-D\u00e4ttwil vor Ort. Per Telefon, Chat oder E-Mail erreichbar.\" \/>\n<meta name=\"robots\" content=\"index, follow, max-snippet:-1, max-image-preview:large, max-video-preview:-1\" \/>\n<link rel=\"canonical\" href=\"https:\/\/app-room.eu\/fr\/contactez-nous\/\" \/>\n<meta property=\"og:locale\" content=\"fr_FR\" \/>\n<meta property=\"og:type\" content=\"article\" \/>\n<meta property=\"og:title\" content=\"Nous contacter - app-room GmbH CYCLE, Website, Webshop, ICT\" \/>\n<meta property=\"og:description\" content=\"Beratung zu der Software CYCLE by app-room gew\u00fcnscht? Wir sind in Baden-D\u00e4ttwil vor Ort. Per Telefon, Chat oder E-Mail erreichbar.\" \/>\n<meta property=\"og:url\" content=\"https:\/\/app-room.eu\/fr\/contactez-nous\/\" \/>\n<meta property=\"og:site_name\" content=\"app-room GmbH\" \/>\n<meta property=\"article:publisher\" content=\"https:\/\/www.facebook.com\/approomgmbh\/\" \/>\n<meta property=\"article:modified_time\" content=\"2024-10-22T09:26:17+00:00\" \/>\n<meta property=\"og:image\" content=\"https:\/\/app-room.eu\/wp-content\/uploads\/2025\/09\/56-20250819-approom-557-bearbeitet-e1758876585882.jpg\" \/>\n\t<meta property=\"og:image:width\" content=\"1920\" \/>\n\t<meta property=\"og:image:height\" content=\"1280\" \/>\n\t<meta property=\"og:image:type\" content=\"image\/jpeg\" \/>\n<meta name=\"twitter:card\" content=\"summary_large_image\" \/>\n<meta name=\"twitter:label1\" content=\"Dur\u00e9e de lecture estim\u00e9e\" \/>\n\t<meta name=\"twitter:data1\" content=\"2 minutes\" \/>\n<script type=\"application\/ld+json\" class=\"yoast-schema-graph\">{\"@context\":\"https:\/\/schema.org\",\"@graph\":[{\"@type\":\"WebPage\",\"@id\":\"https:\/\/app-room.eu\/fr\/contactez-nous\/\",\"url\":\"https:\/\/app-room.eu\/fr\/contactez-nous\/\",\"name\":\"Nous contacter - app-room GmbH CYCLE, Website, Webshop, ICT\",\"isPartOf\":{\"@id\":\"https:\/\/app-room.ch\/#website\"},\"primaryImageOfPage\":{\"@id\":\"https:\/\/app-room.eu\/fr\/contactez-nous\/#primaryimage\"},\"image\":{\"@id\":\"https:\/\/app-room.eu\/fr\/contactez-nous\/#primaryimage\"},\"thumbnailUrl\":\"https:\/\/www.app-room.eu\/wp-content\/uploads\/2025\/09\/56-20250819-approom-557-bearbeitet-e1758876585882.jpg\",\"datePublished\":\"2020-10-21T10:56:45+00:00\",\"dateModified\":\"2024-10-22T09:26:17+00:00\",\"description\":\"Beratung zu der Software CYCLE by app-room gew\u00fcnscht? Wir sind in Baden-D\u00e4ttwil vor Ort. Per Telefon, Chat oder E-Mail erreichbar.\",\"breadcrumb\":{\"@id\":\"https:\/\/app-room.eu\/fr\/contactez-nous\/#breadcrumb\"},\"inLanguage\":\"fr-FR\",\"potentialAction\":[{\"@type\":\"ReadAction\",\"target\":[\"https:\/\/app-room.eu\/fr\/contactez-nous\/\"]}]},{\"@type\":\"ImageObject\",\"inLanguage\":\"fr-FR\",\"@id\":\"https:\/\/app-room.eu\/fr\/contactez-nous\/#primaryimage\",\"url\":\"https:\/\/www.app-room.eu\/wp-content\/uploads\/2025\/09\/56-20250819-approom-557-bearbeitet-e1758876585882.jpg\",\"contentUrl\":\"https:\/\/www.app-room.eu\/wp-content\/uploads\/2025\/09\/56-20250819-approom-557-bearbeitet-e1758876585882.jpg\",\"width\":1920,\"height\":1280},{\"@type\":\"BreadcrumbList\",\"@id\":\"https:\/\/app-room.eu\/fr\/contactez-nous\/#breadcrumb\",\"itemListElement\":[{\"@type\":\"ListItem\",\"position\":1,\"name\":\"Startseite\",\"item\":\"https:\/\/app-room.fr\/fr\/\"},{\"@type\":\"ListItem\",\"position\":2,\"name\":\"Nous contacter\"}]},{\"@type\":\"WebSite\",\"@id\":\"https:\/\/app-room.ch\/#website\",\"url\":\"https:\/\/app-room.ch\/\",\"name\":\"app-room GmbH\",\"description\":\"CYCLE, das online Warenwirtschaftssystem \/ ERP f\u00fcr den Fahrradhandel\",\"publisher\":{\"@id\":\"https:\/\/app-room.ch\/#organization\"},\"potentialAction\":[{\"@type\":\"SearchAction\",\"target\":{\"@type\":\"EntryPoint\",\"urlTemplate\":\"https:\/\/app-room.ch\/?s={search_term_string}\"},\"query-input\":{\"@type\":\"PropertyValueSpecification\",\"valueRequired\":true,\"valueName\":\"search_term_string\"}}],\"inLanguage\":\"fr-FR\"},{\"@type\":\"Organization\",\"@id\":\"https:\/\/app-room.ch\/#organization\",\"name\":\"app-room GmbH\",\"url\":\"https:\/\/app-room.ch\/\",\"logo\":{\"@type\":\"ImageObject\",\"inLanguage\":\"fr-FR\",\"@id\":\"https:\/\/app-room.ch\/#\/schema\/logo\/image\/\",\"url\":\"https:\/\/app-room.ch\/wp-content\/uploads\/2024\/10\/favicon.png\",\"contentUrl\":\"https:\/\/app-room.ch\/wp-content\/uploads\/2024\/10\/favicon.png\",\"width\":128,\"height\":128,\"caption\":\"app-room GmbH\"},\"image\":{\"@id\":\"https:\/\/app-room.ch\/#\/schema\/logo\/image\/\"},\"sameAs\":[\"https:\/\/www.facebook.com\/approomgmbh\/\",\"https:\/\/ch.linkedin.com\/company\/app-room-gmbh\"]}]}<\/script>\n<!-- \/ Yoast SEO plugin. -->","yoast_head_json":{"title":"Nous contacter - app-room GmbH CYCLE, Website, Webshop, ICT","description":"Beratung zu der Software CYCLE by app-room gew\u00fcnscht? Wir sind in Baden-D\u00e4ttwil vor Ort. Per Telefon, Chat oder E-Mail erreichbar.","robots":{"index":"index","follow":"follow","max-snippet":"max-snippet:-1","max-image-preview":"max-image-preview:large","max-video-preview":"max-video-preview:-1"},"canonical":"https:\/\/app-room.eu\/fr\/contactez-nous\/","og_locale":"fr_FR","og_type":"article","og_title":"Nous contacter - app-room GmbH CYCLE, Website, Webshop, ICT","og_description":"Beratung zu der Software CYCLE by app-room gew\u00fcnscht? Wir sind in Baden-D\u00e4ttwil vor Ort. Per Telefon, Chat oder E-Mail erreichbar.","og_url":"https:\/\/app-room.eu\/fr\/contactez-nous\/","og_site_name":"app-room GmbH","article_publisher":"https:\/\/www.facebook.com\/approomgmbh\/","article_modified_time":"2024-10-22T09:26:17+00:00","og_image":[{"width":1920,"height":1280,"url":"https:\/\/app-room.eu\/wp-content\/uploads\/2025\/09\/56-20250819-approom-557-bearbeitet-e1758876585882.jpg","type":"image\/jpeg"}],"twitter_card":"summary_large_image","twitter_misc":{"Dur\u00e9e de lecture estim\u00e9e":"2 minutes"},"schema":{"@context":"https:\/\/schema.org","@graph":[{"@type":"WebPage","@id":"https:\/\/app-room.eu\/fr\/contactez-nous\/","url":"https:\/\/app-room.eu\/fr\/contactez-nous\/","name":"Nous contacter - app-room GmbH CYCLE, Website, Webshop, ICT","isPartOf":{"@id":"https:\/\/app-room.ch\/#website"},"primaryImageOfPage":{"@id":"https:\/\/app-room.eu\/fr\/contactez-nous\/#primaryimage"},"image":{"@id":"https:\/\/app-room.eu\/fr\/contactez-nous\/#primaryimage"},"thumbnailUrl":"https:\/\/www.app-room.eu\/wp-content\/uploads\/2025\/09\/56-20250819-approom-557-bearbeitet-e1758876585882.jpg","datePublished":"2020-10-21T10:56:45+00:00","dateModified":"2024-10-22T09:26:17+00:00","description":"Beratung zu der Software CYCLE by app-room gew\u00fcnscht? Wir sind in Baden-D\u00e4ttwil vor Ort. Per Telefon, Chat oder E-Mail erreichbar.","breadcrumb":{"@id":"https:\/\/app-room.eu\/fr\/contactez-nous\/#breadcrumb"},"inLanguage":"fr-FR","potentialAction":[{"@type":"ReadAction","target":["https:\/\/app-room.eu\/fr\/contactez-nous\/"]}]},{"@type":"ImageObject","inLanguage":"fr-FR","@id":"https:\/\/app-room.eu\/fr\/contactez-nous\/#primaryimage","url":"https:\/\/www.app-room.eu\/wp-content\/uploads\/2025\/09\/56-20250819-approom-557-bearbeitet-e1758876585882.jpg","contentUrl":"https:\/\/www.app-room.eu\/wp-content\/uploads\/2025\/09\/56-20250819-approom-557-bearbeitet-e1758876585882.jpg","width":1920,"height":1280},{"@type":"BreadcrumbList","@id":"https:\/\/app-room.eu\/fr\/contactez-nous\/#breadcrumb","itemListElement":[{"@type":"ListItem","position":1,"name":"Startseite","item":"https:\/\/app-room.fr\/fr\/"},{"@type":"ListItem","position":2,"name":"Nous contacter"}]},{"@type":"WebSite","@id":"https:\/\/app-room.ch\/#website","url":"https:\/\/app-room.ch\/","name":"app-room GmbH","description":"CYCLE, das online Warenwirtschaftssystem \/ ERP f\u00fcr den Fahrradhandel","publisher":{"@id":"https:\/\/app-room.ch\/#organization"},"potentialAction":[{"@type":"SearchAction","target":{"@type":"EntryPoint","urlTemplate":"https:\/\/app-room.ch\/?s={search_term_string}"},"query-input":{"@type":"PropertyValueSpecification","valueRequired":true,"valueName":"search_term_string"}}],"inLanguage":"fr-FR"},{"@type":"Organization","@id":"https:\/\/app-room.ch\/#organization","name":"app-room GmbH","url":"https:\/\/app-room.ch\/","logo":{"@type":"ImageObject","inLanguage":"fr-FR","@id":"https:\/\/app-room.ch\/#\/schema\/logo\/image\/","url":"https:\/\/app-room.ch\/wp-content\/uploads\/2024\/10\/favicon.png","contentUrl":"https:\/\/app-room.ch\/wp-content\/uploads\/2024\/10\/favicon.png","width":128,"height":128,"caption":"app-room GmbH"},"image":{"@id":"https:\/\/app-room.ch\/#\/schema\/logo\/image\/"},"sameAs":["https:\/\/www.facebook.com\/approomgmbh\/","https:\/\/ch.linkedin.com\/company\/app-room-gmbh"]}]}},"_links":{"self":[{"href":"https:\/\/www.app-room.eu\/fr\/wp-json\/wp\/v2\/pages\/1719","targetHints":{"allow":["GET"]}}],"collection":[{"href":"https:\/\/www.app-room.eu\/fr\/wp-json\/wp\/v2\/pages"}],"about":[{"href":"https:\/\/www.app-room.eu\/fr\/wp-json\/wp\/v2\/types\/page"}],"author":[{"embeddable":true,"href":"https:\/\/www.app-room.eu\/fr\/wp-json\/wp\/v2\/users\/2"}],"replies":[{"embeddable":true,"href":"https:\/\/www.app-room.eu\/fr\/wp-json\/wp\/v2\/comments?post=1719"}],"version-history":[{"count":6,"href":"https:\/\/www.app-room.eu\/fr\/wp-json\/wp\/v2\/pages\/1719\/revisions"}],"predecessor-version":[{"id":3442,"href":"https:\/\/www.app-room.eu\/fr\/wp-json\/wp\/v2\/pages\/1719\/revisions\/3442"}],"wp:featuredmedia":[{"embeddable":true,"href":"https:\/\/www.app-room.eu\/fr\/wp-json\/wp\/v2\/media\/4101"}],"wp:attachment":[{"href":"https:\/\/www.app-room.eu\/fr\/wp-json\/wp\/v2\/media?parent=1719"}],"curies":[{"name":"wp","href":"https:\/\/api.w.org\/{rel}","templated":true}]}}