{"id":1717,"date":"2021-08-16T15:11:06","date_gmt":"2021-08-16T13:11:06","guid":{"rendered":"https:\/\/app-room.ch\/?page_id=1717"},"modified":"2022-10-25T11:51:10","modified_gmt":"2022-10-25T09:51:10","slug":"mentions-legales","status":"publish","type":"page","link":"https:\/\/www.app-room.eu\/fr\/mentions-legales\/","title":{"rendered":"Mentions l\u00e9gales"},"content":{"rendered":"\n<p><strong>Contact\u202f<\/strong><br>app-room S\u00e0rl<br>T\u00e4fernstrasse 7a<br>5405 D\u00e4ttwil AG<\/p>\n\n\n\n<p>Soci\u00e9t\u00e9 \u00e0 responsabilit\u00e9 limit\u00e9e :<br>Si\u00e8ge \u00e0 D\u00e4ttwil<\/p>\n\n\n\n<p>Num\u00e9ro UID : CHE-299.239.930 TVA<\/p>\n\n\n\n<p>Registre du commerce : CH40040378211<\/p>\n\n\n\n<p>R\u00e9alisation du site web by app-room GmbH | www.app-room.ch<\/p>\n","protected":false},"excerpt":{"rendered":"<p>Contact\u202fapp-room S\u00e0rlT\u00e4fernstrasse 7a5405 D\u00e4ttwil AG Soci\u00e9t\u00e9 \u00e0 responsabilit\u00e9 limit\u00e9e :Si\u00e8ge \u00e0 D\u00e4ttwil Num\u00e9ro UID : [&hellip;]<\/p>\n","protected":false},"author":2,"featured_media":1431,"parent":0,"menu_order":29,"comment_status":"closed","ping_status":"closed","template":"","meta":{"_acf_changed":false,"inline_featured_image":false,"footnotes":""},"class_list":["post-1717","page","type-page","status-publish","has-post-thumbnail","hentry"],"acf":[],"yoast_head":"<!-- This site is optimized with the Yoast SEO plugin v27.2 - https:\/\/yoast.com\/product\/yoast-seo-wordpress\/ -->\n<title>Mentions l\u00e9gales - app-room GmbH<\/title>\n<meta name=\"robots\" content=\"index, follow, max-snippet:-1, max-image-preview:large, max-video-preview:-1\" \/>\n<link rel=\"canonical\" href=\"https:\/\/app-room.eu\/fr\/mentions-legales\/\" \/>\n<meta property=\"og:locale\" content=\"fr_FR\" \/>\n<meta property=\"og:type\" content=\"article\" \/>\n<meta property=\"og:title\" content=\"Mentions l\u00e9gales - app-room GmbH\" \/>\n<meta property=\"og:description\" content=\"Contact\u202fapp-room S\u00e0rlT\u00e4fernstrasse 7a5405 D\u00e4ttwil AG Soci\u00e9t\u00e9 \u00e0 responsabilit\u00e9 limit\u00e9e :Si\u00e8ge \u00e0 D\u00e4ttwil Num\u00e9ro UID : [&hellip;]\" \/>\n<meta property=\"og:url\" content=\"https:\/\/app-room.eu\/fr\/mentions-legales\/\" \/>\n<meta property=\"og:site_name\" content=\"app-room GmbH\" \/>\n<meta property=\"article:publisher\" content=\"https:\/\/www.facebook.com\/approomgmbh\/\" \/>\n<meta property=\"article:modified_time\" content=\"2022-10-25T09:51:10+00:00\" \/>\n<meta property=\"og:image\" content=\"https:\/\/app-room.eu\/wp-content\/uploads\/2021\/08\/header-unternehmen-1.jpg\" \/>\n\t<meta property=\"og:image:width\" content=\"1333\" \/>\n\t<meta property=\"og:image:height\" content=\"533\" \/>\n\t<meta property=\"og:image:type\" content=\"image\/jpeg\" \/>\n<meta name=\"twitter:card\" content=\"summary_large_image\" \/>\n<meta name=\"twitter:label1\" content=\"Dur\u00e9e de lecture estim\u00e9e\" \/>\n\t<meta name=\"twitter:data1\" content=\"1 minute\" \/>\n<script type=\"application\/ld+json\" class=\"yoast-schema-graph\">{\"@context\":\"https:\/\/schema.org\",\"@graph\":[{\"@type\":\"WebPage\",\"@id\":\"https:\/\/app-room.eu\/fr\/mentions-legales\/\",\"url\":\"https:\/\/app-room.eu\/fr\/mentions-legales\/\",\"name\":\"Mentions l\u00e9gales - app-room GmbH\",\"isPartOf\":{\"@id\":\"https:\/\/app-room.ch\/#website\"},\"primaryImageOfPage\":{\"@id\":\"https:\/\/app-room.eu\/fr\/mentions-legales\/#primaryimage\"},\"image\":{\"@id\":\"https:\/\/app-room.eu\/fr\/mentions-legales\/#primaryimage\"},\"thumbnailUrl\":\"https:\/\/www.app-room.eu\/wp-content\/uploads\/2021\/08\/header-unternehmen-1.jpg\",\"datePublished\":\"2021-08-16T13:11:06+00:00\",\"dateModified\":\"2022-10-25T09:51:10+00:00\",\"breadcrumb\":{\"@id\":\"https:\/\/app-room.eu\/fr\/mentions-legales\/#breadcrumb\"},\"inLanguage\":\"fr-FR\",\"potentialAction\":[{\"@type\":\"ReadAction\",\"target\":[\"https:\/\/app-room.eu\/fr\/mentions-legales\/\"]}]},{\"@type\":\"ImageObject\",\"inLanguage\":\"fr-FR\",\"@id\":\"https:\/\/app-room.eu\/fr\/mentions-legales\/#primaryimage\",\"url\":\"https:\/\/www.app-room.eu\/wp-content\/uploads\/2021\/08\/header-unternehmen-1.jpg\",\"contentUrl\":\"https:\/\/www.app-room.eu\/wp-content\/uploads\/2021\/08\/header-unternehmen-1.jpg\",\"width\":1333,\"height\":533},{\"@type\":\"BreadcrumbList\",\"@id\":\"https:\/\/app-room.eu\/fr\/mentions-legales\/#breadcrumb\",\"itemListElement\":[{\"@type\":\"ListItem\",\"position\":1,\"name\":\"Startseite\",\"item\":\"https:\/\/app-room.fr\/fr\/\"},{\"@type\":\"ListItem\",\"position\":2,\"name\":\"Mentions l\u00e9gales\"}]},{\"@type\":\"WebSite\",\"@id\":\"https:\/\/app-room.ch\/#website\",\"url\":\"https:\/\/app-room.ch\/\",\"name\":\"app-room GmbH\",\"description\":\"CYCLE, das online Warenwirtschaftssystem \/ ERP f\u00fcr den Fahrradhandel\",\"publisher\":{\"@id\":\"https:\/\/app-room.ch\/#organization\"},\"potentialAction\":[{\"@type\":\"SearchAction\",\"target\":{\"@type\":\"EntryPoint\",\"urlTemplate\":\"https:\/\/app-room.ch\/?s={search_term_string}\"},\"query-input\":{\"@type\":\"PropertyValueSpecification\",\"valueRequired\":true,\"valueName\":\"search_term_string\"}}],\"inLanguage\":\"fr-FR\"},{\"@type\":\"Organization\",\"@id\":\"https:\/\/app-room.ch\/#organization\",\"name\":\"app-room GmbH\",\"url\":\"https:\/\/app-room.ch\/\",\"logo\":{\"@type\":\"ImageObject\",\"inLanguage\":\"fr-FR\",\"@id\":\"https:\/\/app-room.ch\/#\/schema\/logo\/image\/\",\"url\":\"https:\/\/app-room.ch\/wp-content\/uploads\/2024\/10\/favicon.png\",\"contentUrl\":\"https:\/\/app-room.ch\/wp-content\/uploads\/2024\/10\/favicon.png\",\"width\":128,\"height\":128,\"caption\":\"app-room GmbH\"},\"image\":{\"@id\":\"https:\/\/app-room.ch\/#\/schema\/logo\/image\/\"},\"sameAs\":[\"https:\/\/www.facebook.com\/approomgmbh\/\",\"https:\/\/ch.linkedin.com\/company\/app-room-gmbh\"]}]}<\/script>\n<!-- \/ Yoast SEO plugin. -->","yoast_head_json":{"title":"Mentions l\u00e9gales - app-room GmbH","robots":{"index":"index","follow":"follow","max-snippet":"max-snippet:-1","max-image-preview":"max-image-preview:large","max-video-preview":"max-video-preview:-1"},"canonical":"https:\/\/app-room.eu\/fr\/mentions-legales\/","og_locale":"fr_FR","og_type":"article","og_title":"Mentions l\u00e9gales - app-room GmbH","og_description":"Contact\u202fapp-room S\u00e0rlT\u00e4fernstrasse 7a5405 D\u00e4ttwil AG Soci\u00e9t\u00e9 \u00e0 responsabilit\u00e9 limit\u00e9e :Si\u00e8ge \u00e0 D\u00e4ttwil Num\u00e9ro UID : [&hellip;]","og_url":"https:\/\/app-room.eu\/fr\/mentions-legales\/","og_site_name":"app-room GmbH","article_publisher":"https:\/\/www.facebook.com\/approomgmbh\/","article_modified_time":"2022-10-25T09:51:10+00:00","og_image":[{"width":1333,"height":533,"url":"https:\/\/app-room.eu\/wp-content\/uploads\/2021\/08\/header-unternehmen-1.jpg","type":"image\/jpeg"}],"twitter_card":"summary_large_image","twitter_misc":{"Dur\u00e9e de lecture estim\u00e9e":"1 minute"},"schema":{"@context":"https:\/\/schema.org","@graph":[{"@type":"WebPage","@id":"https:\/\/app-room.eu\/fr\/mentions-legales\/","url":"https:\/\/app-room.eu\/fr\/mentions-legales\/","name":"Mentions l\u00e9gales - app-room GmbH","isPartOf":{"@id":"https:\/\/app-room.ch\/#website"},"primaryImageOfPage":{"@id":"https:\/\/app-room.eu\/fr\/mentions-legales\/#primaryimage"},"image":{"@id":"https:\/\/app-room.eu\/fr\/mentions-legales\/#primaryimage"},"thumbnailUrl":"https:\/\/www.app-room.eu\/wp-content\/uploads\/2021\/08\/header-unternehmen-1.jpg","datePublished":"2021-08-16T13:11:06+00:00","dateModified":"2022-10-25T09:51:10+00:00","breadcrumb":{"@id":"https:\/\/app-room.eu\/fr\/mentions-legales\/#breadcrumb"},"inLanguage":"fr-FR","potentialAction":[{"@type":"ReadAction","target":["https:\/\/app-room.eu\/fr\/mentions-legales\/"]}]},{"@type":"ImageObject","inLanguage":"fr-FR","@id":"https:\/\/app-room.eu\/fr\/mentions-legales\/#primaryimage","url":"https:\/\/www.app-room.eu\/wp-content\/uploads\/2021\/08\/header-unternehmen-1.jpg","contentUrl":"https:\/\/www.app-room.eu\/wp-content\/uploads\/2021\/08\/header-unternehmen-1.jpg","width":1333,"height":533},{"@type":"BreadcrumbList","@id":"https:\/\/app-room.eu\/fr\/mentions-legales\/#breadcrumb","itemListElement":[{"@type":"ListItem","position":1,"name":"Startseite","item":"https:\/\/app-room.fr\/fr\/"},{"@type":"ListItem","position":2,"name":"Mentions l\u00e9gales"}]},{"@type":"WebSite","@id":"https:\/\/app-room.ch\/#website","url":"https:\/\/app-room.ch\/","name":"app-room GmbH","description":"CYCLE, das online Warenwirtschaftssystem \/ ERP f\u00fcr den Fahrradhandel","publisher":{"@id":"https:\/\/app-room.ch\/#organization"},"potentialAction":[{"@type":"SearchAction","target":{"@type":"EntryPoint","urlTemplate":"https:\/\/app-room.ch\/?s={search_term_string}"},"query-input":{"@type":"PropertyValueSpecification","valueRequired":true,"valueName":"search_term_string"}}],"inLanguage":"fr-FR"},{"@type":"Organization","@id":"https:\/\/app-room.ch\/#organization","name":"app-room GmbH","url":"https:\/\/app-room.ch\/","logo":{"@type":"ImageObject","inLanguage":"fr-FR","@id":"https:\/\/app-room.ch\/#\/schema\/logo\/image\/","url":"https:\/\/app-room.ch\/wp-content\/uploads\/2024\/10\/favicon.png","contentUrl":"https:\/\/app-room.ch\/wp-content\/uploads\/2024\/10\/favicon.png","width":128,"height":128,"caption":"app-room GmbH"},"image":{"@id":"https:\/\/app-room.ch\/#\/schema\/logo\/image\/"},"sameAs":["https:\/\/www.facebook.com\/approomgmbh\/","https:\/\/ch.linkedin.com\/company\/app-room-gmbh"]}]}},"_links":{"self":[{"href":"https:\/\/www.app-room.eu\/fr\/wp-json\/wp\/v2\/pages\/1717","targetHints":{"allow":["GET"]}}],"collection":[{"href":"https:\/\/www.app-room.eu\/fr\/wp-json\/wp\/v2\/pages"}],"about":[{"href":"https:\/\/www.app-room.eu\/fr\/wp-json\/wp\/v2\/types\/page"}],"author":[{"embeddable":true,"href":"https:\/\/www.app-room.eu\/fr\/wp-json\/wp\/v2\/users\/2"}],"replies":[{"embeddable":true,"href":"https:\/\/www.app-room.eu\/fr\/wp-json\/wp\/v2\/comments?post=1717"}],"version-history":[{"count":1,"href":"https:\/\/www.app-room.eu\/fr\/wp-json\/wp\/v2\/pages\/1717\/revisions"}],"predecessor-version":[{"id":1718,"href":"https:\/\/www.app-room.eu\/fr\/wp-json\/wp\/v2\/pages\/1717\/revisions\/1718"}],"wp:featuredmedia":[{"embeddable":true,"href":"https:\/\/www.app-room.eu\/fr\/wp-json\/wp\/v2\/media\/1431"}],"wp:attachment":[{"href":"https:\/\/www.app-room.eu\/fr\/wp-json\/wp\/v2\/media?parent=1717"}],"curies":[{"name":"wp","href":"https:\/\/api.w.org\/{rel}","templated":true}]}}