{"id":1708,"date":"2020-10-21T12:57:30","date_gmt":"2020-10-21T10:57:30","guid":{"rendered":"https:\/\/app-room.ch\/?page_id=1708"},"modified":"2024-10-30T09:41:52","modified_gmt":"2024-10-30T08:41:52","slug":"entreprise","status":"publish","type":"page","link":"https:\/\/www.app-room.eu\/fr\/entreprise\/","title":{"rendered":"\u00c0 propos de nous"},"content":{"rendered":"\n<h2 class=\"wp-block-heading\"><strong>\u00c0 propos de nous<\/strong><\/h2>\n\n\n\n<p>Notre si\u00e8ge cr\u00e9atif se trouve \u00e0 D\u00e4ttwil (Baden). Ici, nous pouvons nous concentrer pleinement sur notre travail dans des conditions parfaites et dans une atmosph\u00e8re agr\u00e9able, et r\u00e9aliser les souhaits de nos clients de mani\u00e8re cr\u00e9ative. Dans ce contexte, il nous tient \u00e0 c\u0153ur d&rsquo;atteindre un \u00e9quilibre sain entre travail et vie priv\u00e9e &#8211; c&rsquo;est la seule fa\u00e7on de t&rsquo;offrir le meilleur service. Nous appr\u00e9cions particuli\u00e8rement les \u00e9changes et les contacts personnels avec nos clients ; nous sommes toujours \u00e0 l&rsquo;\u00e9coute de leurs commentaires et de leurs critiques constructives. Gr\u00e2ce \u00e0 ces informations et \u00e0 des formations continues r\u00e9guli\u00e8res, nous adaptons en permanence nos solutions web aux attentes de nos clients et essayons de nous am\u00e9liorer et de nous d\u00e9velopper en permanence sur la base de leurs commentaires.<\/p>\n\n\n\n<div style=\"height:100px\" aria-hidden=\"true\" class=\"wp-block-spacer\"><\/div>\n\n\n<div class=\"row team-list\">\n\t\n\t\t\t<div class=\"col-12 col-md-6 col-lg-4 col-xl-3 mt-5 mt-lg-6 team\" data-aos=\"fade-in\" data-aos-delay=\"100\">\n\t\t\t\t\t\t<img decoding=\"async\" class=\"mb-3 w-100 object-fit cover\" src=\"https:\/\/www.app-room.eu\/wp-content\/uploads\/2025\/09\/11-20250819-approom-182-bearbeitet-768x512.jpg\" alt=\"Portrait von Cindy Essl\" style=\"height: auto; aspect-ratio: 1\/1\">\n\t\t\t\n\t\t\t<div class=\"team-meta transition\">\n\t\t\t\t<h5 class=\"m-0\">Cindy Essl<\/h5>\n\t\t\t\t<span class=\"my-3 d-inline-block bg-primary-color px-2\">G\u00e9rante<\/span>\n\t\t\t\t<p>Je suis responsable du conseil, du support et de l&rsquo;organisation des cours. Je suis responsable de l&rsquo;administration et de la gestion du bureau.<\/p>\n\t\t\t<\/div>\n\t\t\n\t\t<\/div>\n\t\t\t\t<div class=\"col-12 col-md-6 col-lg-4 col-xl-3 mt-5 mt-lg-6 team\" data-aos=\"fade-in\" data-aos-delay=\"200\">\n\t\t\t\t\t\t<img decoding=\"async\" class=\"mb-3 w-100 object-fit cover\" src=\"https:\/\/www.app-room.eu\/wp-content\/uploads\/2025\/09\/5-20250819-approom-098-bearbeitet-768x512.jpg\" alt=\"Portrait von Daniel Essl\" style=\"height: auto; aspect-ratio: 1\/1\">\n\t\t\t\n\t\t\t<div class=\"team-meta transition\">\n\t\t\t\t<h5 class=\"m-0\">Daniel Essl<\/h5>\n\t\t\t\t<span class=\"my-3 d-inline-block bg-primary-color px-2\">G\u00e9rant<\/span>\n\t\t\t\t<p>Responsable de la planification technique et de la gestion de projet pour les d\u00e9veloppements de logiciels internes et externes.<\/p>\n\t\t\t<\/div>\n\t\t\n\t\t<\/div>\n\t\t\t\t<div class=\"col-12 col-md-6 col-lg-4 col-xl-3 mt-5 mt-lg-6 team\" data-aos=\"fade-in\" data-aos-delay=\"300\">\n\t\t\t\t\t\t<img decoding=\"async\" class=\"mb-3 w-100 object-fit cover\" src=\"https:\/\/www.app-room.eu\/wp-content\/uploads\/2025\/09\/10-20250819-approom-171-bearbeitet-768x512.jpg\" alt=\"Portrait von Marcel L\u00fcthi\" style=\"height: auto; aspect-ratio: 1\/1\">\n\t\t\t\n\t\t\t<div class=\"team-meta transition\">\n\t\t\t\t<h5 class=\"m-0\">Marcel L\u00fcthi<\/h5>\n\t\t\t\t<span class=\"my-3 d-inline-block bg-primary-color px-2\">Responsable des ventes et des projets<\/span>\n\t\t\t\t<p>En tant que chef de vente et de projet, je suis l&rsquo;interlocuteur de nos nouveaux clients, du premier contact jusqu&rsquo;\u00e0 la mise en service. J&rsquo;ouvre de nouveaux secteurs d&rsquo;activit\u00e9 et dirige des projets ambitieux.<\/p>\n\t\t\t<\/div>\n\t\t\n\t\t<\/div>\n\t\t\t\t<div class=\"col-12 col-md-6 col-lg-4 col-xl-3 mt-5 mt-lg-6 team\" data-aos=\"fade-in\" data-aos-delay=\"400\">\n\t\t\t\t\t\t<img decoding=\"async\" class=\"mb-3 w-100 object-fit cover\" src=\"https:\/\/www.app-room.eu\/wp-content\/uploads\/2025\/09\/12-20250819-approom-200-bearbeitet-768x512.jpg\" alt=\"Portrait von Bj\u00f6rn Gross\" style=\"height: auto; aspect-ratio: 1\/1\">\n\t\t\t\n\t\t\t<div class=\"team-meta transition\">\n\t\t\t\t<h5 class=\"m-0\">Bj\u00f6rn Gross<\/h5>\n\t\t\t\t<span class=\"my-3 d-inline-block bg-primary-color px-2\">Commercial<\/span>\n\t\t\t\t<p>En tant que commercial chez app-room, je conseille et accompagne les clients avec des solutions num\u00e9riques sur mesure, de l&rsquo;id\u00e9e initiale \u00e0 la mise en \u0153uvre r\u00e9ussie.<\/p>\n\t\t\t<\/div>\n\t\t\n\t\t<\/div>\n\t\t\t\t<div class=\"col-12 col-md-6 col-lg-4 col-xl-3 mt-5 mt-lg-6 team\" data-aos=\"fade-in\" data-aos-delay=\"500\">\n\t\t\t\t\t\t<img decoding=\"async\" class=\"mb-3 w-100 object-fit cover\" src=\"https:\/\/www.app-room.eu\/wp-content\/uploads\/2025\/09\/8-20250819-approom-147-bearbeitet-768x512.jpg\" alt=\"Portrait von Steven Ringger\" style=\"height: auto; aspect-ratio: 1\/1\">\n\t\t\t\n\t\t\t<div class=\"team-meta transition\">\n\t\t\t\t<h5 class=\"m-0\">Steven Ringger<\/h5>\n\t\t\t\t<span class=\"my-3 d-inline-block bg-primary-color px-2\">D\u00e9veloppeur de logiciels<\/span>\n\t\t\t\t<p>Mon langage pr\u00e9f\u00e9r\u00e9 est JavaScript et je suis responsable du d\u00e9veloppement du front-end app-room.<\/p>\n\t\t\t<\/div>\n\t\t\n\t\t<\/div>\n\t\t\t\t<div class=\"col-12 col-md-6 col-lg-4 col-xl-3 mt-5 mt-lg-6 team\" data-aos=\"fade-in\" data-aos-delay=\"600\">\n\t\t\t\t\t\t<img decoding=\"async\" class=\"mb-3 w-100 object-fit cover\" src=\"https:\/\/www.app-room.eu\/wp-content\/uploads\/2025\/09\/6-20250819-approom-102-bearbeitet-768x512.jpg\" alt=\"Portrait von Marc D\u00f6mer\" style=\"height: auto; aspect-ratio: 1\/1\">\n\t\t\t\n\t\t\t<div class=\"team-meta transition\">\n\t\t\t\t<h5 class=\"m-0\">Marc D\u00f6mer<\/h5>\n\t\t\t\t<span class=\"my-3 d-inline-block bg-primary-color px-2\">D\u00e9veloppeur de logiciels<\/span>\n\t\t\t\t<p>Gr\u00e2ce \u00e0 mes comp\u00e9tences de programmeur d&rsquo;interfaces, je m&rsquo;occupe de la connexion de syst\u00e8mes tiers vers app-room.<\/p>\n\t\t\t<\/div>\n\t\t\n\t\t<\/div>\n\t\t\t\t<div class=\"col-12 col-md-6 col-lg-4 col-xl-3 mt-5 mt-lg-6 team\" data-aos=\"fade-in\" data-aos-delay=\"700\">\n\t\t\t\t\t\t<img decoding=\"async\" class=\"mb-3 w-100 object-fit cover\" src=\"https:\/\/www.app-room.eu\/wp-content\/uploads\/2025\/09\/9-20250819-approom-157-bearbeitet-768x512.jpg\" alt=\"Portrait von Sidney Hyde\" style=\"height: auto; aspect-ratio: 1\/1\">\n\t\t\t\n\t\t\t<div class=\"team-meta transition\">\n\t\t\t\t<h5 class=\"m-0\">Sidney Hyde<\/h5>\n\t\t\t\t<span class=\"my-3 d-inline-block bg-primary-color px-2\">D\u00e9veloppeur de logiciels<\/span>\n\t\t\t\t<p>J&rsquo;aime le backend. Avec mon \u00e9quipe, je veille \u00e0 ce qu&rsquo;app-room fonctionne et se d\u00e9veloppe.<\/p>\n\t\t\t<\/div>\n\t\t\n\t\t<\/div>\n\t\t\t\t<div class=\"col-12 col-md-6 col-lg-4 col-xl-3 mt-5 mt-lg-6 team\" data-aos=\"fade-in\" data-aos-delay=\"800\">\n\t\t\t\t\t\t<img decoding=\"async\" class=\"mb-3 w-100 object-fit cover\" src=\"https:\/\/www.app-room.eu\/wp-content\/uploads\/2026\/02\/20260209-approom-037-bearbeitet-768x512.jpg\" alt=\"Portrait von Katherine Rub\" style=\"height: auto; aspect-ratio: 1\/1\">\n\t\t\t\n\t\t\t<div class=\"team-meta transition\">\n\t\t\t\t<h5 class=\"m-0\">Katherine Rub<\/h5>\n\t\t\t\t<span class=\"my-3 d-inline-block bg-primary-color px-2\">D\u00e9veloppeur de logiciels<\/span>\n\t\t\t\t<p>La conception avec des formes et des couleurs est ma passion. Pour les utilisateurs d&rsquo;app-room, je cr\u00e9e des interfaces utilisateur qui ont un sens et une fonction.<\/p>\n\t\t\t<\/div>\n\t\t\n\t\t<\/div>\n\t\t\t\t<div class=\"col-12 col-md-6 col-lg-4 col-xl-3 mt-5 mt-lg-6 team\" data-aos=\"fade-in\" data-aos-delay=\"900\">\n\t\t\t\t\t\t<img decoding=\"async\" class=\"mb-3 w-100 object-fit cover\" src=\"https:\/\/www.app-room.eu\/wp-content\/uploads\/2026\/02\/20260209-approom-027-bearbeitet-768x512.jpg\" alt=\"Portrait von Zen Zalapski\" style=\"height: auto; aspect-ratio: 1\/1\">\n\t\t\t\n\t\t\t<div class=\"team-meta transition\">\n\t\t\t\t<h5 class=\"m-0\">Zen Zalapski<\/h5>\n\t\t\t\t<span class=\"my-3 d-inline-block bg-primary-color px-2\">D\u00e9veloppeur de logiciels<\/span>\n\t\t\t\t<p>Que ce soit le front-end ou le back-end, les deux me conviennent. Je mise sur mes comp\u00e9tences pour d\u00e9velopper un logiciel de pointe pour les utilisateurs d&rsquo;app-room.<\/p>\n\t\t\t<\/div>\n\t\t\n\t\t<\/div>\n\t\t\t\t<div class=\"col-12 col-md-6 col-lg-4 col-xl-3 mt-5 mt-lg-6 team\" data-aos=\"fade-in\" data-aos-delay=\"1000\">\n\t\t\t\t\t\t<img decoding=\"async\" class=\"mb-3 w-100 object-fit cover\" src=\"https:\/\/www.app-room.eu\/wp-content\/uploads\/2025\/09\/4-20250819-approom-085-bearbeitet-768x512.jpg\" alt=\"Portrait von Adem Ismaili\" style=\"height: auto; aspect-ratio: 1\/1\">\n\t\t\t\n\t\t\t<div class=\"team-meta transition\">\n\t\t\t\t<h5 class=\"m-0\">Adem Ismaili<\/h5>\n\t\t\t\t<span class=\"my-3 d-inline-block bg-primary-color px-2\">Support TIC<\/span>\n\t\t\t\t<p>En tant que support TIC, je connais parfaitement les domaines du mat\u00e9riel, des logiciels et du service \u00e0 la client\u00e8le.<\/p>\n\t\t\t<\/div>\n\t\t\n\t\t<\/div>\n\t\t\t\t<div class=\"col-12 col-md-6 col-lg-4 col-xl-3 mt-5 mt-lg-6 team\" data-aos=\"fade-in\" data-aos-delay=\"1100\">\n\t\t\t\t\t\t<img decoding=\"async\" class=\"mb-3 w-100 object-fit cover\" src=\"https:\/\/www.app-room.eu\/wp-content\/uploads\/2025\/09\/13-20250819-approom-241-bearbeitet-768x512.jpg\" alt=\"Portrait von Saskia Otte\" style=\"height: auto; aspect-ratio: 1\/1\">\n\t\t\t\n\t\t\t<div class=\"team-meta transition\">\n\t\t\t\t<h5 class=\"m-0\">Saskia Otte<\/h5>\n\t\t\t\t<span class=\"my-3 d-inline-block bg-primary-color px-2\">Support<\/span>\n\t\t\t\t<p>En tant que membre du support, je t&rsquo;assiste pour toutes les questions concernant l&rsquo;utilisation d&rsquo;app-room. Avec mon exp\u00e9rience en tant que m\u00e9canicienne de v\u00e9los, je te conseille \u00e9galement sur les processus dans un magasin de v\u00e9los.<\/p>\n\t\t\t<\/div>\n\t\t\n\t\t<\/div>\n\t\t\t\t<div class=\"col-12 col-md-6 col-lg-4 col-xl-3 mt-5 mt-lg-6 team\" data-aos=\"fade-in\" data-aos-delay=\"1200\">\n\t\t\t\t\t\t<img decoding=\"async\" class=\"mb-3 w-100 object-fit cover\" src=\"https:\/\/www.app-room.eu\/wp-content\/uploads\/2025\/09\/7-20250819-approom-127-bearbeitet-bearbeitet-768x512.jpg\" alt=\"Portrait von Kosta Ilic\" style=\"height: auto; aspect-ratio: 1\/1\">\n\t\t\t\n\t\t\t<div class=\"team-meta transition\">\n\t\t\t\t<h5 class=\"m-0\">Kosta Ilic<\/h5>\n\t\t\t\t<span class=\"my-3 d-inline-block bg-primary-color px-2\">Apprenti informaticien<\/span>\n\t\t\t\t<p><span class=\"ui-provider en bid bee cka ckb ckc ckd ckf ckg ckh cki ckj ckk ckl ckm ckn cko ckp ckq ckr cks ckt cku ckv ckw ckx cky ckz cla clb clc cld cle clf clg\" dir=\"ltr\">En ao\u00fbt 2023, Kosta commence son apprentissage chez app-room pour se former au m\u00e9tier d&rsquo;informaticien d\u00e9veloppeur d&rsquo;applications. Il se r\u00e9jouit de passer ces 4 ann\u00e9es passionnantes chez nous.<\/span><\/p>\n\t\t\t<\/div>\n\t\t\n\t\t<\/div>\n\t\t\n<\/div>","protected":false},"excerpt":{"rendered":"<p>\u00c0 propos de nous Notre si\u00e8ge cr\u00e9atif se trouve \u00e0 D\u00e4ttwil (Baden). Ici, nous pouvons [&hellip;]<\/p>\n","protected":false},"author":2,"featured_media":4040,"parent":0,"menu_order":51,"comment_status":"closed","ping_status":"closed","template":"","meta":{"_acf_changed":false,"inline_featured_image":false,"footnotes":""},"class_list":["post-1708","page","type-page","status-publish","has-post-thumbnail","hentry"],"acf":[],"yoast_head":"<!-- This site is optimized with the Yoast SEO plugin v27.2 - https:\/\/yoast.com\/product\/yoast-seo-wordpress\/ -->\n<title>\u00c0 propos de nous - app-room GmbH<\/title>\n<meta name=\"robots\" content=\"index, follow, max-snippet:-1, max-image-preview:large, max-video-preview:-1\" \/>\n<link rel=\"canonical\" href=\"https:\/\/www.app-room.de\/fr\/entreprise\/\" \/>\n<meta property=\"og:locale\" content=\"fr_FR\" \/>\n<meta property=\"og:type\" content=\"article\" \/>\n<meta property=\"og:title\" content=\"\u00c0 propos de nous - app-room GmbH\" \/>\n<meta property=\"og:description\" content=\"\u00c0 propos de nous Notre si\u00e8ge cr\u00e9atif se trouve \u00e0 D\u00e4ttwil (Baden). Ici, nous pouvons [&hellip;]\" \/>\n<meta property=\"og:url\" content=\"https:\/\/www.app-room.de\/fr\/entreprise\/\" \/>\n<meta property=\"og:site_name\" content=\"app-room GmbH\" \/>\n<meta property=\"article:publisher\" content=\"https:\/\/www.facebook.com\/approomgmbh\/\" \/>\n<meta property=\"article:modified_time\" content=\"2024-10-30T08:41:52+00:00\" \/>\n<meta property=\"og:image\" content=\"https:\/\/www.app-room.de\/wp-content\/uploads\/2025\/09\/3-20250819-approom-059.jpg\" \/>\n\t<meta property=\"og:image:width\" content=\"1920\" \/>\n\t<meta property=\"og:image:height\" content=\"1280\" \/>\n\t<meta property=\"og:image:type\" content=\"image\/jpeg\" \/>\n<meta name=\"twitter:card\" content=\"summary_large_image\" \/>\n<meta name=\"twitter:label1\" content=\"Dur\u00e9e de lecture estim\u00e9e\" \/>\n\t<meta name=\"twitter:data1\" content=\"1 minute\" \/>\n<script type=\"application\/ld+json\" class=\"yoast-schema-graph\">{\"@context\":\"https:\/\/schema.org\",\"@graph\":[{\"@type\":\"WebPage\",\"@id\":\"https:\/\/www.app-room.de\/fr\/entreprise\/\",\"url\":\"https:\/\/www.app-room.de\/fr\/entreprise\/\",\"name\":\"\u00c0 propos de nous - app-room GmbH\",\"isPartOf\":{\"@id\":\"https:\/\/app-room.ch\/#website\"},\"primaryImageOfPage\":{\"@id\":\"https:\/\/www.app-room.de\/fr\/entreprise\/#primaryimage\"},\"image\":{\"@id\":\"https:\/\/www.app-room.de\/fr\/entreprise\/#primaryimage\"},\"thumbnailUrl\":\"https:\/\/www.app-room.eu\/wp-content\/uploads\/2025\/09\/3-20250819-approom-059.jpg\",\"datePublished\":\"2020-10-21T10:57:30+00:00\",\"dateModified\":\"2024-10-30T08:41:52+00:00\",\"breadcrumb\":{\"@id\":\"https:\/\/www.app-room.de\/fr\/entreprise\/#breadcrumb\"},\"inLanguage\":\"fr-FR\",\"potentialAction\":[{\"@type\":\"ReadAction\",\"target\":[\"https:\/\/www.app-room.de\/fr\/entreprise\/\"]}]},{\"@type\":\"ImageObject\",\"inLanguage\":\"fr-FR\",\"@id\":\"https:\/\/www.app-room.de\/fr\/entreprise\/#primaryimage\",\"url\":\"https:\/\/www.app-room.eu\/wp-content\/uploads\/2025\/09\/3-20250819-approom-059.jpg\",\"contentUrl\":\"https:\/\/www.app-room.eu\/wp-content\/uploads\/2025\/09\/3-20250819-approom-059.jpg\",\"width\":1920,\"height\":1280},{\"@type\":\"BreadcrumbList\",\"@id\":\"https:\/\/www.app-room.de\/fr\/entreprise\/#breadcrumb\",\"itemListElement\":[{\"@type\":\"ListItem\",\"position\":1,\"name\":\"Startseite\",\"item\":\"https:\/\/app-room.fr\/fr\/\"},{\"@type\":\"ListItem\",\"position\":2,\"name\":\"\u00c0 propos de nous\"}]},{\"@type\":\"WebSite\",\"@id\":\"https:\/\/app-room.ch\/#website\",\"url\":\"https:\/\/app-room.ch\/\",\"name\":\"app-room GmbH\",\"description\":\"CYCLE, das online Warenwirtschaftssystem \/ ERP f\u00fcr den Fahrradhandel\",\"publisher\":{\"@id\":\"https:\/\/app-room.ch\/#organization\"},\"potentialAction\":[{\"@type\":\"SearchAction\",\"target\":{\"@type\":\"EntryPoint\",\"urlTemplate\":\"https:\/\/app-room.ch\/?s={search_term_string}\"},\"query-input\":{\"@type\":\"PropertyValueSpecification\",\"valueRequired\":true,\"valueName\":\"search_term_string\"}}],\"inLanguage\":\"fr-FR\"},{\"@type\":\"Organization\",\"@id\":\"https:\/\/app-room.ch\/#organization\",\"name\":\"app-room GmbH\",\"url\":\"https:\/\/app-room.ch\/\",\"logo\":{\"@type\":\"ImageObject\",\"inLanguage\":\"fr-FR\",\"@id\":\"https:\/\/app-room.ch\/#\/schema\/logo\/image\/\",\"url\":\"https:\/\/app-room.ch\/wp-content\/uploads\/2024\/10\/favicon.png\",\"contentUrl\":\"https:\/\/app-room.ch\/wp-content\/uploads\/2024\/10\/favicon.png\",\"width\":128,\"height\":128,\"caption\":\"app-room GmbH\"},\"image\":{\"@id\":\"https:\/\/app-room.ch\/#\/schema\/logo\/image\/\"},\"sameAs\":[\"https:\/\/www.facebook.com\/approomgmbh\/\",\"https:\/\/ch.linkedin.com\/company\/app-room-gmbh\"]}]}<\/script>\n<!-- \/ Yoast SEO plugin. -->","yoast_head_json":{"title":"\u00c0 propos de nous - app-room GmbH","robots":{"index":"index","follow":"follow","max-snippet":"max-snippet:-1","max-image-preview":"max-image-preview:large","max-video-preview":"max-video-preview:-1"},"canonical":"https:\/\/www.app-room.de\/fr\/entreprise\/","og_locale":"fr_FR","og_type":"article","og_title":"\u00c0 propos de nous - app-room GmbH","og_description":"\u00c0 propos de nous Notre si\u00e8ge cr\u00e9atif se trouve \u00e0 D\u00e4ttwil (Baden). Ici, nous pouvons [&hellip;]","og_url":"https:\/\/www.app-room.de\/fr\/entreprise\/","og_site_name":"app-room GmbH","article_publisher":"https:\/\/www.facebook.com\/approomgmbh\/","article_modified_time":"2024-10-30T08:41:52+00:00","og_image":[{"width":1920,"height":1280,"url":"https:\/\/www.app-room.de\/wp-content\/uploads\/2025\/09\/3-20250819-approom-059.jpg","type":"image\/jpeg"}],"twitter_card":"summary_large_image","twitter_misc":{"Dur\u00e9e de lecture estim\u00e9e":"1 minute"},"schema":{"@context":"https:\/\/schema.org","@graph":[{"@type":"WebPage","@id":"https:\/\/www.app-room.de\/fr\/entreprise\/","url":"https:\/\/www.app-room.de\/fr\/entreprise\/","name":"\u00c0 propos de nous - app-room GmbH","isPartOf":{"@id":"https:\/\/app-room.ch\/#website"},"primaryImageOfPage":{"@id":"https:\/\/www.app-room.de\/fr\/entreprise\/#primaryimage"},"image":{"@id":"https:\/\/www.app-room.de\/fr\/entreprise\/#primaryimage"},"thumbnailUrl":"https:\/\/www.app-room.eu\/wp-content\/uploads\/2025\/09\/3-20250819-approom-059.jpg","datePublished":"2020-10-21T10:57:30+00:00","dateModified":"2024-10-30T08:41:52+00:00","breadcrumb":{"@id":"https:\/\/www.app-room.de\/fr\/entreprise\/#breadcrumb"},"inLanguage":"fr-FR","potentialAction":[{"@type":"ReadAction","target":["https:\/\/www.app-room.de\/fr\/entreprise\/"]}]},{"@type":"ImageObject","inLanguage":"fr-FR","@id":"https:\/\/www.app-room.de\/fr\/entreprise\/#primaryimage","url":"https:\/\/www.app-room.eu\/wp-content\/uploads\/2025\/09\/3-20250819-approom-059.jpg","contentUrl":"https:\/\/www.app-room.eu\/wp-content\/uploads\/2025\/09\/3-20250819-approom-059.jpg","width":1920,"height":1280},{"@type":"BreadcrumbList","@id":"https:\/\/www.app-room.de\/fr\/entreprise\/#breadcrumb","itemListElement":[{"@type":"ListItem","position":1,"name":"Startseite","item":"https:\/\/app-room.fr\/fr\/"},{"@type":"ListItem","position":2,"name":"\u00c0 propos de nous"}]},{"@type":"WebSite","@id":"https:\/\/app-room.ch\/#website","url":"https:\/\/app-room.ch\/","name":"app-room GmbH","description":"CYCLE, das online Warenwirtschaftssystem \/ ERP f\u00fcr den Fahrradhandel","publisher":{"@id":"https:\/\/app-room.ch\/#organization"},"potentialAction":[{"@type":"SearchAction","target":{"@type":"EntryPoint","urlTemplate":"https:\/\/app-room.ch\/?s={search_term_string}"},"query-input":{"@type":"PropertyValueSpecification","valueRequired":true,"valueName":"search_term_string"}}],"inLanguage":"fr-FR"},{"@type":"Organization","@id":"https:\/\/app-room.ch\/#organization","name":"app-room GmbH","url":"https:\/\/app-room.ch\/","logo":{"@type":"ImageObject","inLanguage":"fr-FR","@id":"https:\/\/app-room.ch\/#\/schema\/logo\/image\/","url":"https:\/\/app-room.ch\/wp-content\/uploads\/2024\/10\/favicon.png","contentUrl":"https:\/\/app-room.ch\/wp-content\/uploads\/2024\/10\/favicon.png","width":128,"height":128,"caption":"app-room GmbH"},"image":{"@id":"https:\/\/app-room.ch\/#\/schema\/logo\/image\/"},"sameAs":["https:\/\/www.facebook.com\/approomgmbh\/","https:\/\/ch.linkedin.com\/company\/app-room-gmbh"]}]}},"_links":{"self":[{"href":"https:\/\/www.app-room.eu\/fr\/wp-json\/wp\/v2\/pages\/1708","targetHints":{"allow":["GET"]}}],"collection":[{"href":"https:\/\/www.app-room.eu\/fr\/wp-json\/wp\/v2\/pages"}],"about":[{"href":"https:\/\/www.app-room.eu\/fr\/wp-json\/wp\/v2\/types\/page"}],"author":[{"embeddable":true,"href":"https:\/\/www.app-room.eu\/fr\/wp-json\/wp\/v2\/users\/2"}],"replies":[{"embeddable":true,"href":"https:\/\/www.app-room.eu\/fr\/wp-json\/wp\/v2\/comments?post=1708"}],"version-history":[{"count":7,"href":"https:\/\/www.app-room.eu\/fr\/wp-json\/wp\/v2\/pages\/1708\/revisions"}],"predecessor-version":[{"id":3526,"href":"https:\/\/www.app-room.eu\/fr\/wp-json\/wp\/v2\/pages\/1708\/revisions\/3526"}],"wp:featuredmedia":[{"embeddable":true,"href":"https:\/\/www.app-room.eu\/fr\/wp-json\/wp\/v2\/media\/4040"}],"wp:attachment":[{"href":"https:\/\/www.app-room.eu\/fr\/wp-json\/wp\/v2\/media?parent=1708"}],"curies":[{"name":"wp","href":"https:\/\/api.w.org\/{rel}","templated":true}]}}